{"id":1797,"date":"2026-01-28T16:23:13","date_gmt":"2026-01-28T14:23:13","guid":{"rendered":"https:\/\/thermoluft.eu\/?page_id=1797"},"modified":"2026-02-18T20:21:24","modified_gmt":"2026-02-18T18:21:24","slug":"projekteerijale","status":"publish","type":"page","link":"https:\/\/thermoluft.eu\/en\/projekteerijale\/","title":{"rendered":"For Designer"},"content":{"rendered":"<div data-elementor-type=\"wp-page\" data-elementor-id=\"1797\" class=\"elementor elementor-1797\" data-elementor-post-type=\"page\">\n\t\t\t\t<div class=\"elementor-element elementor-element-d95bc34 e-flex e-con-boxed e-con e-parent\" data-id=\"d95bc34\" data-element_type=\"container\">\n\t\t\t\t\t<div class=\"e-con-inner\">\n\t\t<div class=\"elementor-element elementor-element-a8fa9bd e-con-full e-flex e-con e-child\" data-id=\"a8fa9bd\" data-element_type=\"container\">\n\t\t<div class=\"elementor-element elementor-element-035a0ed e-con-full e-flex e-con e-child\" data-id=\"035a0ed\" data-element_type=\"container\">\n\t\t\t\t<div class=\"elementor-element elementor-element-aa1e337 elementor-widget elementor-widget-heading\" data-id=\"aa1e337\" data-element_type=\"widget\" data-widget_type=\"heading.default\">\n\t\t\t\t\t<h2 class=\"elementor-heading-title elementor-size-default\">KLIMOR KAD FOR DESIGNERS<\/h2>\t\t\t\t<\/div>\n\t\t\t\t<div class=\"elementor-element elementor-element-81a60bb elementor-widget elementor-widget-text-editor\" data-id=\"81a60bb\" data-element_type=\"widget\" data-widget_type=\"text-editor.default\">\n\t\t\t\t\t\t\t\t\t<p>Klimor KAD (Klimor Air Designer) is a professional selection software developed for designers, enabling fast and accurate air handling unit selection based on project requirements. The software supports BIM design and allows selections to be exported in PDF \/ DWG \/ RVT formats, saving time and reducing the risk of errors. Contact us to request access.<\/p>\t\t\t\t\t\t\t\t<\/div>\n\t\t\t\t<\/div>\n\t\t\t\t<div class=\"elementor-element elementor-element-85cc1da elementor-widget__width-inherit elementor-hidden-mobile elementor-widget elementor-widget-html\" data-id=\"85cc1da\" data-element_type=\"widget\" data-widget_type=\"html.default\">\n\t\t\t\t\t<div style=\"max-width:1200px;margin:0 auto;\">\n  <iframe \n    src=\"https:\/\/kad.klimor.com\/#\/login\"\n    style=\"width:100%; height:780px; border:0; border-radius:20px; box-shadow:0 10px 30px rgba(0,0,0,0.08);\"\n    loading=\"lazy\">\n  <\/iframe>\n<\/div>\t\t\t\t<\/div>\n\t\t\t\t<div class=\"elementor-element elementor-element-af9f456 elementor-widget elementor-widget-button\" data-id=\"af9f456\" data-element_type=\"widget\" data-widget_type=\"button.default\">\n\t\t\t\t\t\t\t\t\t\t<a class=\"elementor-button elementor-button-link elementor-size-sm elementor-animation-grow\" href=\"https:\/\/thermoluft.eu\/en\/kontakt\/\">\n\t\t\t\t\t\t<span class=\"elementor-button-content-wrapper\">\n\t\t\t\t\t\t\t\t\t<span class=\"elementor-button-text\">Request KAD access<\/span>\n\t\t\t\t\t<\/span>\n\t\t\t\t\t<\/a>\n\t\t\t\t\t\t\t\t<\/div>\n\t\t\t\t<div class=\"elementor-element elementor-element-b7d15b9 elementor-widget elementor-widget-heading\" data-id=\"b7d15b9\" data-element_type=\"widget\" data-widget_type=\"heading.default\">\n\t\t\t\t\t<h2 class=\"elementor-heading-title elementor-size-default\">BUILDING AUTOMATION \/ BMS COMPATIBILITY<\/h2>\t\t\t\t<\/div>\n\t\t\t\t<div class=\"elementor-element elementor-element-cd0a34a elementor-widget elementor-widget-text-editor\" data-id=\"cd0a34a\" data-element_type=\"widget\" data-widget_type=\"text-editor.default\">\n\t\t\t\t\t\t\t\t\t<style>\n  .tl-bms-wrap{\n    max-width: 1100px;\n    margin: 0 auto;\n  }\n\n  .tl-bms-grid{\n    display: grid;\n    grid-template-columns: 1fr 1fr;\n    gap: 28px;\n    align-items: stretch; \/* venitab sama rea kaardid v\u00f5rdseks *\/\n  }\n\n  .tl-bms-card{\n    height: 100%;\n    background: #ffffff;\n    border: 2px solid #e94e24; \/* ORAN\u017d piirjoon igast k\u00fcljest *\/\n    border-radius: 16px;\n    padding: 22px 24px;\n    box-shadow: 0 8px 24px rgba(0,0,0,0.06);\n  }\n\n  .tl-bms-title{\n    display:flex;\n    align-items:center;\n    gap:10px;\n    font-weight: 800;\n    letter-spacing: 0.02em;\n    font-size: 18px;\n    margin: 0 0 14px 0;\n    color: #0b2239;\n  }\n\n  .tl-bms-icon{\n    width: 22px;\n    height: 22px;\n    flex: 0 0 auto;\n  }\n  .tl-bms-icon svg{\n    width: 22px;\n    height: 22px;\n    display:block;\n    fill: #e94e24;\n  }\n\n  .tl-bms-list{\n    margin: 0;\n    padding-left: 18px;\n  }\n\n  .tl-bms-list li{\n    margin: 8px 0;\n    line-height: 1.45;\n    color: #0b2239;\n  }\n\n  @media (max-width: 900px){\n    .tl-bms-grid{\n      grid-template-columns: 1fr;\n      gap: 16px;\n    }\n    .tl-bms-card{\n      border-radius: 14px;\n      padding: 18px;\n    }\n    .tl-bms-title{\n      font-size: 17px;\n    }\n  }\n<\/style>\n\n<div class=\"tl-bms-wrap\">\n  <div class=\"tl-bms-grid\">\n\n    <div class=\"tl-bms-card\">\n      <div class=\"tl-bms-title\">\n        <span class=\"tl-bms-icon\" aria-hidden=\"true\">\n          <!-- Luup -->\n          <svg viewbox=\"0 0 24 24\">\n            <path d=\"M10 2a8 8 0 105.293 14.293l4.707 4.707a1 1 0 001.414-1.414l-4.707-4.707A8 8 0 0010 2zm0 2a6 6 0 110 12A6 6 0 0110 4z\"\/>\n          <\/svg>\n        <\/span>\n        Remotely monitored values\n      <\/div>\n\n      <ul class=\"tl-bms-list\">\n        <li>Supply and extract air temperature<\/li>\n        <li>Outdoor and exhaust air temperature<\/li>\n        <li>Heat recovery status (active \/ bypass etc.)<\/li>\n        <li>Fan status and speed<\/li>\n        <li>Airflow (m\u00b3\/h or %)<\/li>\n        <li>Filter pressure drop (\u0394P)<\/li>\n        <li>Duct pressure<\/li>\n        <li>CO\u2082 \/ RH \/ VOC readings (if installed)<\/li>\n        <li>Energy and runtime counters (if available)<\/li>\n      <\/ul>\n    <\/div>\n\n    <div class=\"tl-bms-card\">\n      <div class=\"tl-bms-title\">\n        <span class=\"tl-bms-icon\" aria-hidden=\"true\">\n          <!-- Hammasratas -->\n          <svg viewbox=\"0 0 24 24\">\n            <path d=\"M19.14 12.94c.04-.31.06-.63.06-.94s-.02-.63-.06-.94l2.03-1.58a.5.5 0 00.12-.64l-1.92-3.32a.5.5 0 00-.6-.22l-2.39.96a7.03 7.03 0 00-1.63-.94l-.36-2.54A.5.5 0 0013.9 1h-3.8a.5.5 0 00-.49.42l-.36 2.54c-.58.23-1.13.54-1.63.94l-2.39-.96a.5.5 0 00-.6.22L2.71 7.48a.5.5 0 00.12.64l2.03 1.58c-.04.31-.06.63-.06.94s.02.63.06.94L2.83 14.52a.5.5 0 00-.12.64l1.92 3.32c.13.22.39.3.6.22l2.39-.96c.5.4 1.05.71 1.63.94l.36 2.54c.04.24.25.42.49.42h3.8c.24 0 .45-.18.49-.42l.36-2.54c.58-.23 1.13-.54 1.63-.94l2.39.96c.22.09.47 0 .6-.22l1.92-3.32a.5.5 0 00-.12-.64l-2.03-1.58zM12 15.5A3.5 3.5 0 1112 8a3.5 3.5 0 010 7.5z\"\/>\n          <\/svg>\n        <\/span>\n        Remotely adjustable settings\n      <\/div>\n\n      <ul class=\"tl-bms-list\">\n        <li>Supply air temperature setpoint<\/li>\n        <li>Airflow setpoint<\/li>\n        <li>Static pressure \/ duct pressure setpoint <\/li>\n        <li>Operating mode selection and schedule<\/li>\n        <li>Boost \/ Comfort \/ Eco modes<\/li>\n        <li>Unit start and stop (start\/stop)<\/li>\n        <li>Bypass \/ free cooling enable<\/li>\n        <li>Alarm reset<\/li>\n      <\/ul>\n    <\/div>\n\n  <\/div>\n<\/div>\n\t\t\t\t\t\t\t\t<\/div>\n\t\t\t\t<div class=\"elementor-element elementor-element-3aabe37 elementor-widget elementor-widget-button\" data-id=\"3aabe37\" data-element_type=\"widget\" data-widget_type=\"button.default\">\n\t\t\t\t\t\t\t\t\t\t<a class=\"elementor-button elementor-button-link elementor-size-sm elementor-animation-grow\" href=\"https:\/\/drive.google.com\/drive\/folders\/1JJaegTOfMDgKGXv8pNuOAarscBDyaRoE\" target=\"_blank\" rel=\"noopener\">\n\t\t\t\t\t\t<span class=\"elementor-button-content-wrapper\">\n\t\t\t\t\t\t\t\t\t<span class=\"elementor-button-text\">Look at BMS registry<\/span>\n\t\t\t\t\t<\/span>\n\t\t\t\t\t<\/a>\n\t\t\t\t\t\t\t\t<\/div>\n\t\t\t\t<\/div>\n\t\t\t\t<div class=\"elementor-element elementor-element-70bf2b3 elementor-widget elementor-widget-heading\" data-id=\"70bf2b3\" data-element_type=\"widget\" data-widget_type=\"heading.default\">\n\t\t\t\t\t<h2 class=\"elementor-heading-title elementor-size-default\">CERTIFICATES <\/h2>\t\t\t\t<\/div>\n\t\t\t\t\t<\/div>\n\t\t\t\t<\/div>\n\t\t<div class=\"elementor-element elementor-element-0a58adf e-flex e-con-boxed e-con e-parent\" data-id=\"0a58adf\" data-element_type=\"container\">\n\t\t\t\t\t<div class=\"e-con-inner\">\n\t\t\t\t<div class=\"elementor-element elementor-element-d80c6f4 elementor-widget__width-inherit elementor-arrows-position-inside elementor-pagination-position-outside elementor-widget elementor-widget-image-carousel\" data-id=\"d80c6f4\" data-element_type=\"widget\" data-settings=\"{&quot;slides_to_show&quot;:&quot;4&quot;,&quot;navigation&quot;:&quot;both&quot;,&quot;infinite&quot;:&quot;yes&quot;,&quot;speed&quot;:500}\" data-widget_type=\"image-carousel.default\">\n\t\t\t\t\t\t\t<div class=\"elementor-image-carousel-wrapper swiper\" role=\"region\" aria-roledescription=\"carousel\" aria-label=\"Image Carousel\" dir=\"ltr\">\n\t\t\t<div class=\"elementor-image-carousel swiper-wrapper\" aria-live=\"polite\">\n\t\t\t\t\t\t\t\t<div class=\"swiper-slide\" role=\"group\" aria-roledescription=\"slide\" aria-label=\"1 of 4\"><a data-elementor-open-lightbox=\"yes\" data-elementor-lightbox-slideshow=\"d80c6f4\" data-elementor-lightbox-title=\"Screenshot 2026-01-30 at 20.43.57\" data-e-action-hash=\"#elementor-action%3Aaction%3Dlightbox%26settings%3DeyJpZCI6MTg4OSwidXJsIjoiaHR0cHM6XC9cL3RoZXJtb2x1ZnQuZXVcL3dwLWNvbnRlbnRcL3VwbG9hZHNcLzIwMjZcLzAxXC9TY3JlZW5zaG90LTIwMjYtMDEtMzAtYXQtMjAuNDMuNTcucG5nIiwic2xpZGVzaG93IjoiZDgwYzZmNCJ9\" href=\"https:\/\/thermoluft.eu\/wp-content\/uploads\/2026\/01\/Screenshot-2026-01-30-at-20.43.57.png\"><figure class=\"swiper-slide-inner\"><img decoding=\"async\" class=\"swiper-slide-image\" src=\"https:\/\/thermoluft.eu\/wp-content\/uploads\/2026\/01\/Screenshot-2026-01-30-at-20.43.57.png\" alt=\"Screenshot 2026-01-30 at 20.43.57\" \/><\/figure><\/a><\/div><div class=\"swiper-slide\" role=\"group\" aria-roledescription=\"slide\" aria-label=\"2 of 4\"><a data-elementor-open-lightbox=\"yes\" data-elementor-lightbox-slideshow=\"d80c6f4\" data-elementor-lightbox-title=\"Screenshot 2026-01-30 at 20.44.11\" data-e-action-hash=\"#elementor-action%3Aaction%3Dlightbox%26settings%3DeyJpZCI6MTg5MCwidXJsIjoiaHR0cHM6XC9cL3RoZXJtb2x1ZnQuZXVcL3dwLWNvbnRlbnRcL3VwbG9hZHNcLzIwMjZcLzAxXC9TY3JlZW5zaG90LTIwMjYtMDEtMzAtYXQtMjAuNDQuMTEucG5nIiwic2xpZGVzaG93IjoiZDgwYzZmNCJ9\" href=\"https:\/\/thermoluft.eu\/wp-content\/uploads\/2026\/01\/Screenshot-2026-01-30-at-20.44.11.png\"><figure class=\"swiper-slide-inner\"><img decoding=\"async\" class=\"swiper-slide-image\" src=\"https:\/\/thermoluft.eu\/wp-content\/uploads\/2026\/01\/Screenshot-2026-01-30-at-20.44.11.png\" alt=\"Screenshot 2026-01-30 at 20.44.11\" \/><\/figure><\/a><\/div><div class=\"swiper-slide\" role=\"group\" aria-roledescription=\"slide\" aria-label=\"3 of 4\"><a data-elementor-open-lightbox=\"yes\" data-elementor-lightbox-slideshow=\"d80c6f4\" data-elementor-lightbox-title=\"Screenshot 2026-01-30 at 20.45.35\" data-e-action-hash=\"#elementor-action%3Aaction%3Dlightbox%26settings%3DeyJpZCI6MTg5MSwidXJsIjoiaHR0cHM6XC9cL3RoZXJtb2x1ZnQuZXVcL3dwLWNvbnRlbnRcL3VwbG9hZHNcLzIwMjZcLzAxXC9TY3JlZW5zaG90LTIwMjYtMDEtMzAtYXQtMjAuNDUuMzUucG5nIiwic2xpZGVzaG93IjoiZDgwYzZmNCJ9\" href=\"https:\/\/thermoluft.eu\/wp-content\/uploads\/2026\/01\/Screenshot-2026-01-30-at-20.45.35.png\"><figure class=\"swiper-slide-inner\"><img decoding=\"async\" class=\"swiper-slide-image\" src=\"https:\/\/thermoluft.eu\/wp-content\/uploads\/2026\/01\/Screenshot-2026-01-30-at-20.45.35.png\" alt=\"Screenshot 2026-01-30 at 20.45.35\" \/><\/figure><\/a><\/div><div class=\"swiper-slide\" role=\"group\" aria-roledescription=\"slide\" aria-label=\"4 of 4\"><a data-elementor-open-lightbox=\"yes\" data-elementor-lightbox-slideshow=\"d80c6f4\" data-elementor-lightbox-title=\"Screenshot 2026-01-30 at 20.33.37\" data-e-action-hash=\"#elementor-action%3Aaction%3Dlightbox%26settings%3DeyJpZCI6MTg4OCwidXJsIjoiaHR0cHM6XC9cL3RoZXJtb2x1ZnQuZXVcL3dwLWNvbnRlbnRcL3VwbG9hZHNcLzIwMjZcLzAxXC9TY3JlZW5zaG90LTIwMjYtMDEtMzAtYXQtMjAuMzMuMzcucG5nIiwic2xpZGVzaG93IjoiZDgwYzZmNCJ9\" href=\"https:\/\/thermoluft.eu\/wp-content\/uploads\/2026\/01\/Screenshot-2026-01-30-at-20.33.37.png\"><figure class=\"swiper-slide-inner\"><img decoding=\"async\" class=\"swiper-slide-image\" src=\"https:\/\/thermoluft.eu\/wp-content\/uploads\/2026\/01\/Screenshot-2026-01-30-at-20.33.37.png\" alt=\"Screenshot 2026-01-30 at 20.33.37\" \/><\/figure><\/a><\/div>\t\t\t<\/div>\n\t\t\t\t\t\t\t\t\t\t\t\t<div class=\"elementor-swiper-button elementor-swiper-button-prev\" role=\"button\" tabindex=\"0\">\n\t\t\t\t\t\t<svg aria-hidden=\"true\" class=\"e-font-icon-svg e-eicon-chevron-left\" viewbox=\"0 0 1000 1000\" xmlns=\"http:\/\/www.w3.org\/2000\/svg\"><path d=\"M646 125C629 125 613 133 604 142L308 442C296 454 292 471 292 487 292 504 296 521 308 533L604 854C617 867 629 875 646 875 663 875 679 871 692 858 704 846 713 829 713 812 713 796 708 779 692 767L438 487 692 225C700 217 708 204 708 187 708 171 704 154 692 142 675 129 663 125 646 125Z\"><\/path><\/svg>\t\t\t\t\t<\/div>\n\t\t\t\t\t<div class=\"elementor-swiper-button elementor-swiper-button-next\" role=\"button\" tabindex=\"0\">\n\t\t\t\t\t\t<svg aria-hidden=\"true\" class=\"e-font-icon-svg e-eicon-chevron-right\" viewbox=\"0 0 1000 1000\" xmlns=\"http:\/\/www.w3.org\/2000\/svg\"><path d=\"M696 533C708 521 713 504 713 487 713 471 708 454 696 446L400 146C388 133 375 125 354 125 338 125 325 129 313 142 300 154 292 171 292 187 292 204 296 221 308 233L563 492 304 771C292 783 288 800 288 817 288 833 296 850 308 863 321 871 338 875 354 875 371 875 388 867 400 854L696 533Z\"><\/path><\/svg>\t\t\t\t\t<\/div>\n\t\t\t\t\n\t\t\t\t\t\t\t\t\t<div class=\"swiper-pagination\"><\/div>\n\t\t\t\t\t\t\t\t\t<\/div>\n\t\t\t\t\t\t<\/div>\n\t\t\t\t<div class=\"elementor-element elementor-element-c1162a7 elementor-widget elementor-widget-button\" data-id=\"c1162a7\" data-element_type=\"widget\" data-widget_type=\"button.default\">\n\t\t\t\t\t\t\t\t\t\t<a class=\"elementor-button elementor-button-link elementor-size-sm elementor-animation-grow\" href=\"https:\/\/drive.google.com\/drive\/folders\/1kFM_aNwbSnd40KT_eHfl4CXYAAjNdnL3?usp=sharing\" target=\"_blank\" rel=\"noopener\">\n\t\t\t\t\t\t<span class=\"elementor-button-content-wrapper\">\n\t\t\t\t\t\t\t\t\t<span class=\"elementor-button-text\">Look at certificates<\/span>\n\t\t\t\t\t<\/span>\n\t\t\t\t\t<\/a>\n\t\t\t\t\t\t\t\t<\/div>\n\t\t\t\t\t<\/div>\n\t\t\t\t<\/div>\n\t\t\t\t<\/div>","protected":false},"excerpt":{"rendered":"<p>KLIMOR KAD PROJEKTEERIJALE Klimor KAD (Klimor Air Designer) on projekteerijatele loodud professionaalne seadmevaliku tarkvara, mis v\u00f5imaldab kiiresti ja t\u00e4pselt valida sobiva ventilatsiooniseadme vastavalt projekti l\u00e4hteandmetele. Tarkvara toetab BIM-projekteerimist ning v\u00f5imaldab eksportida valikud PDF \/ DWG \/ RVT formaadis s\u00e4\u00e4stes aega ja v\u00e4hendades vigade riski. Ligip\u00e4\u00e4su saamiseks kontakteeru meiega. K\u00fcsi KAD ligip\u00e4\u00e4se HOONE AUTOMAATIKA EHK BMS [&hellip;]<\/p>","protected":false},"author":3,"featured_media":0,"parent":0,"menu_order":0,"comment_status":"closed","ping_status":"closed","template":"elementor_header_footer","meta":{"_acf_changed":false,"footnotes":""},"class_list":["post-1797","page","type-page","status-publish","hentry"],"acf":[],"_links":{"self":[{"href":"https:\/\/thermoluft.eu\/en\/wp-json\/wp\/v2\/pages\/1797","targetHints":{"allow":["GET"]}}],"collection":[{"href":"https:\/\/thermoluft.eu\/en\/wp-json\/wp\/v2\/pages"}],"about":[{"href":"https:\/\/thermoluft.eu\/en\/wp-json\/wp\/v2\/types\/page"}],"author":[{"embeddable":true,"href":"https:\/\/thermoluft.eu\/en\/wp-json\/wp\/v2\/users\/3"}],"replies":[{"embeddable":true,"href":"https:\/\/thermoluft.eu\/en\/wp-json\/wp\/v2\/comments?post=1797"}],"version-history":[{"count":5,"href":"https:\/\/thermoluft.eu\/en\/wp-json\/wp\/v2\/pages\/1797\/revisions"}],"predecessor-version":[{"id":2032,"href":"https:\/\/thermoluft.eu\/en\/wp-json\/wp\/v2\/pages\/1797\/revisions\/2032"}],"wp:attachment":[{"href":"https:\/\/thermoluft.eu\/en\/wp-json\/wp\/v2\/media?parent=1797"}],"curies":[{"name":"wp","href":"https:\/\/api.w.org\/{rel}","templated":true}]}}