{"id":203,"date":"2025-10-29T17:47:17","date_gmt":"2025-10-29T15:47:17","guid":{"rendered":"https:\/\/thermoluft.eu\/?page_id=203"},"modified":"2026-02-01T20:15:02","modified_gmt":"2026-02-01T18:15:02","slug":"meist","status":"publish","type":"page","link":"https:\/\/thermoluft.eu\/en\/meist\/","title":{"rendered":"About us"},"content":{"rendered":"<div data-elementor-type=\"wp-page\" data-elementor-id=\"203\" class=\"elementor elementor-203\" data-elementor-post-type=\"page\">\n\t\t\t\t<div class=\"elementor-element elementor-element-31c7c7ba e-flex e-con-boxed e-con e-parent\" data-id=\"31c7c7ba\" data-element_type=\"container\">\n\t\t\t\t\t<div class=\"e-con-inner\">\n\t\t\t\t<div class=\"elementor-element elementor-element-43619080 elementor-widget elementor-widget-text-editor\" data-id=\"43619080\" data-element_type=\"widget\" data-widget_type=\"text-editor.default\">\n\t\t\t\t\t\t\t\t\t\t\t\t\t\t\t\t\t<\/div>\n\t\t<div class=\"elementor-element elementor-element-ffe4901 e-con-full e-flex e-con e-child\" data-id=\"ffe4901\" data-element_type=\"container\">\n\t\t\t\t<div class=\"elementor-element elementor-element-cd8b2c0 elementor-widget elementor-widget-heading\" data-id=\"cd8b2c0\" data-element_type=\"widget\" data-widget_type=\"heading.default\">\n\t\t\t\t\t<h2 class=\"elementor-heading-title elementor-size-default\">THERMOLUFT <\/h2>\t\t\t\t<\/div>\n\t\t\t\t<div class=\"elementor-element elementor-element-561f3f4 elementor-widget elementor-widget-text-editor\" data-id=\"561f3f4\" data-element_type=\"widget\" data-widget_type=\"text-editor.default\">\n\t\t\t\t\t\t\t\t\t<p>ThermoLuft Nordic is an Estonian company specializing in delivering modern ventilation and climate control solutions for commercial, industrial, and residential environments. Our mission is to create a healthy and energy-efficient indoor climate in every project \u2013 whether it\u2019s an office, hospital, sports center or residential space.<\/p>\n<p>Backed by almost 15 years of professional experience in HVAC installation, we combine strong technical expertise with the reliability of leading European manufacturer, Klimor. As the official distributor of Klimor in the Baltic countries and Finland, we represent a brand with over 55 years of engineering excellence and a proven reputation for quality, innovation, and performance all over the world.<\/p>\n<p>Through this partnership, ThermoLuft Nordic provides high-performance, sustainable, and certified ventilation systems that meet the highest industry standards and ensure long-term comfort, efficiency, and reliability.<\/p>\t\t\t\t\t\t\t\t<\/div>\n\t\t\t\t<\/div>\n\t\t\t\t\t<\/div>\n\t\t\t\t<\/div>\n\t\t<div class=\"elementor-element elementor-element-5b5a1b7 e-grid e-con-boxed e-con e-parent\" data-id=\"5b5a1b7\" data-element_type=\"container\">\n\t\t\t\t\t<div class=\"e-con-inner\">\n\t\t<div class=\"elementor-element elementor-element-8180677 e-con-full e-flex e-con e-child\" data-id=\"8180677\" data-element_type=\"container\" data-settings=\"{&quot;background_background&quot;:&quot;classic&quot;}\">\n\t\t\t\t<div class=\"elementor-element elementor-element-740497a elementor-widget elementor-widget-image\" data-id=\"740497a\" data-element_type=\"widget\" data-widget_type=\"image.default\">\n\t\t\t\t\t\t\t\t\t\t\t\t\t\t\t<img fetchpriority=\"high\" decoding=\"async\" width=\"1066\" height=\"1600\" src=\"https:\/\/thermoluft.eu\/wp-content\/uploads\/2025\/12\/Siim_Molder.jpeg\" class=\"attachment-full size-full wp-image-1146\" alt=\"\" srcset=\"https:\/\/thermoluft.eu\/wp-content\/uploads\/2025\/12\/Siim_Molder.jpeg 1066w, https:\/\/thermoluft.eu\/wp-content\/uploads\/2025\/12\/Siim_Molder-200x300.jpeg 200w, https:\/\/thermoluft.eu\/wp-content\/uploads\/2025\/12\/Siim_Molder-682x1024.jpeg 682w, https:\/\/thermoluft.eu\/wp-content\/uploads\/2025\/12\/Siim_Molder-768x1153.jpeg 768w, https:\/\/thermoluft.eu\/wp-content\/uploads\/2025\/12\/Siim_Molder-1023x1536.jpeg 1023w, https:\/\/thermoluft.eu\/wp-content\/uploads\/2025\/12\/Siim_Molder-8x12.jpeg 8w\" sizes=\"(max-width: 1066px) 100vw, 1066px\" \/>\t\t\t\t\t\t\t\t\t\t\t\t\t\t\t<\/div>\n\t\t\t\t<div class=\"elementor-element elementor-element-5d9eabf elementor-widget elementor-widget-heading\" data-id=\"5d9eabf\" data-element_type=\"widget\" data-widget_type=\"heading.default\">\n\t\t\t\t\t<h2 class=\"elementor-heading-title elementor-size-default\">Siim M\u00f6lder<\/h2>\t\t\t\t<\/div>\n\t\t\t\t<div class=\"elementor-element elementor-element-6a1537a elementor-widget elementor-widget-text-editor\" data-id=\"6a1537a\" data-element_type=\"widget\" data-widget_type=\"text-editor.default\">\n\t\t\t\t\t\t\t\t\t<p><a href=\"tel:+37254557070\">+372 5455 7070<\/a><br \/><a href=\"mailto:siim.molder@thermoluft.eu\">siim.molder@thermoluft.eu<\/a><\/p>\t\t\t\t\t\t\t\t<\/div>\n\t\t\t\t<\/div>\n\t\t<div class=\"elementor-element elementor-element-a85fb34 e-con-full e-flex e-con e-child\" data-id=\"a85fb34\" data-element_type=\"container\" data-settings=\"{&quot;background_background&quot;:&quot;classic&quot;}\">\n\t\t\t\t<div class=\"elementor-element elementor-element-b770d67 elementor-widget elementor-widget-image\" data-id=\"b770d67\" data-element_type=\"widget\" data-widget_type=\"image.default\">\n\t\t\t\t\t\t\t\t\t\t\t\t\t\t\t<img decoding=\"async\" width=\"1200\" height=\"1800\" src=\"https:\/\/thermoluft.eu\/wp-content\/uploads\/2025\/12\/Rando_Heinvars.jpeg\" class=\"attachment-full size-full wp-image-1148\" alt=\"\" srcset=\"https:\/\/thermoluft.eu\/wp-content\/uploads\/2025\/12\/Rando_Heinvars.jpeg 1200w, https:\/\/thermoluft.eu\/wp-content\/uploads\/2025\/12\/Rando_Heinvars-200x300.jpeg 200w, https:\/\/thermoluft.eu\/wp-content\/uploads\/2025\/12\/Rando_Heinvars-683x1024.jpeg 683w, https:\/\/thermoluft.eu\/wp-content\/uploads\/2025\/12\/Rando_Heinvars-768x1152.jpeg 768w, https:\/\/thermoluft.eu\/wp-content\/uploads\/2025\/12\/Rando_Heinvars-1024x1536.jpeg 1024w, https:\/\/thermoluft.eu\/wp-content\/uploads\/2025\/12\/Rando_Heinvars-8x12.jpeg 8w\" sizes=\"(max-width: 1200px) 100vw, 1200px\" \/>\t\t\t\t\t\t\t\t\t\t\t\t\t\t\t<\/div>\n\t\t\t\t<div class=\"elementor-element elementor-element-d7b1479 elementor-widget elementor-widget-heading\" data-id=\"d7b1479\" data-element_type=\"widget\" data-widget_type=\"heading.default\">\n\t\t\t\t\t<h2 class=\"elementor-heading-title elementor-size-default\">Rando Heinvars<\/h2>\t\t\t\t<\/div>\n\t\t\t\t<div class=\"elementor-element elementor-element-56a186a elementor-widget elementor-widget-text-editor\" data-id=\"56a186a\" data-element_type=\"widget\" data-widget_type=\"text-editor.default\">\n\t\t\t\t\t\t\t\t\t<p><a href=\"tel:+37256622280\">+372 5662 2280<\/a><br \/><a href=\"mailto:rando.heinvars@thermoluft.eu\">rando.heinvars@thermoluft.eu<\/a><\/p>\t\t\t\t\t\t\t\t<\/div>\n\t\t\t\t<\/div>\n\t\t<div class=\"elementor-element elementor-element-6eb725c e-con-full e-flex e-con e-child\" data-id=\"6eb725c\" data-element_type=\"container\" data-settings=\"{&quot;background_background&quot;:&quot;classic&quot;}\">\n\t\t\t\t<div class=\"elementor-element elementor-element-38e4f73 elementor-widget elementor-widget-image\" data-id=\"38e4f73\" data-element_type=\"widget\" data-widget_type=\"image.default\">\n\t\t\t\t\t\t\t\t\t\t\t\t\t\t\t<img decoding=\"async\" width=\"1200\" height=\"1800\" src=\"https:\/\/thermoluft.eu\/wp-content\/uploads\/2025\/12\/SIim_Joosep.jpeg\" class=\"attachment-full size-full wp-image-1147\" alt=\"\" srcset=\"https:\/\/thermoluft.eu\/wp-content\/uploads\/2025\/12\/SIim_Joosep.jpeg 1200w, https:\/\/thermoluft.eu\/wp-content\/uploads\/2025\/12\/SIim_Joosep-200x300.jpeg 200w, https:\/\/thermoluft.eu\/wp-content\/uploads\/2025\/12\/SIim_Joosep-683x1024.jpeg 683w, https:\/\/thermoluft.eu\/wp-content\/uploads\/2025\/12\/SIim_Joosep-768x1152.jpeg 768w, https:\/\/thermoluft.eu\/wp-content\/uploads\/2025\/12\/SIim_Joosep-1024x1536.jpeg 1024w, https:\/\/thermoluft.eu\/wp-content\/uploads\/2025\/12\/SIim_Joosep-8x12.jpeg 8w\" sizes=\"(max-width: 1200px) 100vw, 1200px\" \/>\t\t\t\t\t\t\t\t\t\t\t\t\t\t\t<\/div>\n\t\t\t\t<div class=\"elementor-element elementor-element-d25413d elementor-widget elementor-widget-heading\" data-id=\"d25413d\" data-element_type=\"widget\" data-widget_type=\"heading.default\">\n\t\t\t\t\t<h2 class=\"elementor-heading-title elementor-size-default\">Siim Joosep<\/h2>\t\t\t\t<\/div>\n\t\t\t\t<div class=\"elementor-element elementor-element-36c3df5 elementor-widget elementor-widget-text-editor\" data-id=\"36c3df5\" data-element_type=\"widget\" data-widget_type=\"text-editor.default\">\n\t\t\t\t\t\t\t\t\t<p><a href=\"tel:+37255534911\"><span class=\"html-span xdj266r x14z9mp xat24cr x1lziwak xexx8yu xyri2b x18d9i69 x1c1uobl x1hl2dhg x16tdsg8 x1vvkbs x4k7w5x x1h91t0o x1h9r5lt x1jfb8zj xv2umb2 x1beo9mf xaigb6o x12ejxvf x3igimt xarpa2k xedcshv x1lytzrv x1t2pt76 x7ja8zs x1qrby5j\"><span class=\"x193iq5w xeuugli x13faqbe x1vvkbs x1xmvt09 x1lliihq x1s928wv xhkezso x1gmr53x x1cpjm7i x1fgarty x1943h6x xudqn12 x3x7a5m x6prxxf xvq8zen xo1l8bm xzsf02u\" dir=\"auto\">+372 5553 4911<\/span><\/span><\/a><br \/><a href=\"mailto:siim@thermoluft.eu\">siim.joosep@thermoluft.eu<\/a><\/p>\t\t\t\t\t\t\t\t<\/div>\n\t\t\t\t<\/div>\n\t\t\t\t\t<\/div>\n\t\t\t\t<\/div>\n\t\t<div class=\"elementor-element elementor-element-adc09cb e-flex e-con-boxed e-con e-parent\" data-id=\"adc09cb\" data-element_type=\"container\">\n\t\t\t\t\t<div class=\"e-con-inner\">\n\t\t\t\t<div class=\"elementor-element elementor-element-35eca60 elementor-widget elementor-widget-video\" data-id=\"35eca60\" data-element_type=\"widget\" data-settings=\"{&quot;video_type&quot;:&quot;hosted&quot;,&quot;start&quot;:0,&quot;mute&quot;:&quot;yes&quot;,&quot;loop&quot;:&quot;yes&quot;,&quot;autoplay&quot;:&quot;yes&quot;,&quot;play_on_mobile&quot;:&quot;yes&quot;}\" data-widget_type=\"video.default\">\n\t\t\t\t\t\t\t<div class=\"e-hosted-video elementor-wrapper elementor-open-inline\">\n\t\t\t\t\t<video class=\"elementor-video\" src=\"https:\/\/thermoluft.eu\/wp-content\/uploads\/2025\/11\/Klimor-ENG-How-it-is-done.mp4\" autoplay=\"\" loop=\"\" muted=\"muted\" playsinline=\"\" controlslist=\"nodownload\" poster=\"https:\/\/thermoluft.eu\/wp-content\/uploads\/2025\/12\/figma_image_1764706429_W69U6A.png\"><\/video>\n\t\t\t\t<\/div>\n\t\t\t\t\t\t<\/div>\n\t\t\t\t\t<\/div>\n\t\t\t\t<\/div>\n\t\t\t\t<\/div>","protected":false},"excerpt":{"rendered":"<p>THERMOLUFT ThermoLuft Nordic on Eesti ettev\u00f5te, mis on spetsialiseerunud kaasaegsete ventilatsiooni- ja kliimaseadmete lahenduste pakkumisele \u00e4ri-, t\u00f6\u00f6stus- ja elukeskkondades. Meie missioon on luua igas projektis tervislik ja energiat\u00f5hus sisekliima \u2013 olgu selleks kontor, haigla, spordikeskus v\u00f5i elamu. Tuginedes ligi 15-aastasele kogemusele ventilatsiooni- ja kliimaseadmete paigalduses, \u00fchendame tugeva tehnilise p\u00e4devuse juhtiva Euroopa tootja Klimori usaldusv\u00e4\u00e4rsusega. Oleme [&hellip;]<\/p>","protected":false},"author":1,"featured_media":0,"parent":0,"menu_order":0,"comment_status":"closed","ping_status":"closed","template":"","meta":{"_acf_changed":false,"footnotes":""},"class_list":["post-203","page","type-page","status-publish","hentry"],"acf":[],"_links":{"self":[{"href":"https:\/\/thermoluft.eu\/en\/wp-json\/wp\/v2\/pages\/203","targetHints":{"allow":["GET"]}}],"collection":[{"href":"https:\/\/thermoluft.eu\/en\/wp-json\/wp\/v2\/pages"}],"about":[{"href":"https:\/\/thermoluft.eu\/en\/wp-json\/wp\/v2\/types\/page"}],"author":[{"embeddable":true,"href":"https:\/\/thermoluft.eu\/en\/wp-json\/wp\/v2\/users\/1"}],"replies":[{"embeddable":true,"href":"https:\/\/thermoluft.eu\/en\/wp-json\/wp\/v2\/comments?post=203"}],"version-history":[{"count":5,"href":"https:\/\/thermoluft.eu\/en\/wp-json\/wp\/v2\/pages\/203\/revisions"}],"predecessor-version":[{"id":2041,"href":"https:\/\/thermoluft.eu\/en\/wp-json\/wp\/v2\/pages\/203\/revisions\/2041"}],"wp:attachment":[{"href":"https:\/\/thermoluft.eu\/en\/wp-json\/wp\/v2\/media?parent=203"}],"curies":[{"name":"wp","href":"https:\/\/api.w.org\/{rel}","templated":true}]}}